{"id":2,"date":"2020-06-09T14:41:53","date_gmt":"2020-06-09T12:41:53","guid":{"rendered":"http:\/\/studuj.physics.cz\/?page_id=2"},"modified":"2022-12-01T12:40:41","modified_gmt":"2022-12-01T11:40:41","slug":"zkusebni-stranka","status":"publish","type":"page","link":"http:\/\/studuj.physics.cz\/?page_id=2","title":{"rendered":"Podej p\u0159ihl\u00e1\u0161ku"},"content":{"rendered":"\n<h3 class=\"has-text-align-center\">P\u0159ij\u00edmac\u00ed \u0159\u00edzen\u00ed pro akademick\u00fd rok 2023\/2024<\/h3>\n\n\n\n<div class=\"wp-block-button aligncenter\"><a class=\"wp-block-button__link\" href=\"https:\/\/is.slu.cz\/prihlaska\/\">Podej p\u0159ihl\u00e1\u0161ku<\/a><\/div>\n\n\n\n<h4>Studijn\u00ed programy&nbsp;<\/h4>\n\n\n\n<p>Bakal\u00e1\u0159sk\u00fd (akademicky zam\u011b\u0159en\u00fd) studijn\u00ed program&nbsp;<strong>Fyzika<\/strong> &#8211; &nbsp;t\u0159\u00edlet\u00e9 prezen\u010dn\u00ed studium se specializacemi:<\/p>\n\n\n\n<ul><li><a href=\"http:\/\/studuj.physics.cz\/?page_id=198\" data-type=\"page\" data-id=\"198\">Astrofyzika<\/a><\/li><li><a href=\"http:\/\/studuj.physics.cz\/?page_id=246\" data-type=\"page\" data-id=\"246\">Astronomie a popularizace<\/a><\/li><\/ul>\n\n\n\n<p>Bakal\u00e1\u0159sk\u00fd (profesn\u011b zam\u011b\u0159en\u00fd) studijn\u00ed program&nbsp;<strong>Aplikovan\u00e1 fyzika<\/strong> &#8211;&nbsp;t\u0159\u00edlet\u00e9 prezen\u010dn\u00ed studium se specializacemi:<\/p>\n\n\n\n<ul><li><a href=\"http:\/\/studuj.physics.cz\/?page_id=284\" data-type=\"page\" data-id=\"284\">Fyzik\u00e1ln\u00ed diagnostick\u00e9 metody<\/a><\/li><li><a href=\"http:\/\/studuj.physics.cz\/?page_id=286\" data-type=\"page\" data-id=\"286\">Monitorov\u00e1n\u00ed \u017eivotn\u00edho prost\u0159ed\u00ed<\/a><\/li><\/ul>\n\n\n\n<p>Bakal\u00e1\u0159sk\u00fd (profesn\u011b zam\u011b\u0159en\u00fd) studijn\u00ed program&nbsp;<strong><a href=\"http:\/\/mmtech.cz\" data-type=\"URL\" data-id=\"mmtech.cz\">Multimedi\u00e1ln\u00ed techniky<\/a><\/strong>.<\/p>\n\n\n\n<p>Navazuj\u00edc\u00ed magistersk\u00fd (akademicky zam\u011b\u0159en\u00fd) studijn\u00ed program&nbsp;<strong>Teoretick\u00e1 fyzika<\/strong> &#8211;&nbsp;dvoulet\u00e9 prezen\u010dn\u00ed studium se specializacemi:<\/p>\n\n\n\n<ul><li><a href=\"http:\/\/studuj.physics.cz\/?page_id=252\" data-type=\"page\" data-id=\"252\">\u010c\u00e1sticov\u00e1 fyzika<\/a><\/li><li><a href=\"http:\/\/studuj.physics.cz\/?page_id=250\" data-type=\"page\" data-id=\"250\">Relativistick\u00e1 astrofyzika<\/a><\/li><li><a href=\"http:\/\/studuj.physics.cz\/?page_id=248\" data-type=\"page\" data-id=\"248\">Po\u010d\u00edta\u010dov\u00e1 fyzika<\/a><\/li><\/ul>\n\n\n\n<p>Navazuj\u00edc\u00ed magistersk\u00fd (akademicky zam\u011b\u0159en\u00fd) studijn\u00ed program&nbsp;<strong><a href=\"http:\/\/studuj.physics.cz\/?page_id=288\" data-type=\"page\" data-id=\"288\">Observa\u010dn\u00ed astrofyzika vysok\u00fdch energi\u00ed<\/a><\/strong> &#8211;&nbsp;dvoulet\u00e9 prezen\u010dn\u00ed studium.<\/p>\n\n\n\n<p>Navazuj\u00edc\u00ed magistersk\u00fd (profesn\u011b zam\u011b\u0159en\u00fd) studijn\u00ed program&nbsp;<strong><a href=\"http:\/\/mmtech.cz\">Multimedi\u00e1ln\u00ed techniky<\/a><\/strong> &#8211; dvoulet\u00e9 prezen\u010dn\u00ed studium.<\/p>\n\n\n\n<p>Absolventi navazuj\u00edc\u00edho magistersk\u00e9ho studijn\u00edho programu&nbsp;<strong>Teoretick\u00e1 fyzika<\/strong>&nbsp;mohou vykonat st\u00e1tn\u00ed rigor\u00f3zn\u00ed zkou\u0161ku a z\u00edskat akademick\u00fd titul \u201edoktor p\u0159\u00edrodn\u00edch v\u011bd\u201c, ve zkratce \u201eRNDr.\u201c.<\/p>\n\n\n\n<h4>Term\u00edn odevzd\u00e1n\u00ed p\u0159ihl\u00e1\u0161ek<\/h4>\n\n\n\n<figure class=\"wp-block-table\"><table><tbody><tr><td>Bakal\u00e1\u0159sk\u00e9 a navazuj\u00edc\u00ed magistersk\u00e9 studium<\/td><td>30. 4. 2023<\/td><\/tr><\/tbody><\/table><\/figure>\n\n\n\n<h4>Term\u00edn \u00fahrady poplatku za p\u0159ij\u00edmac\u00ed \u0159\u00edzen\u00ed<\/h4>\n\n\n\n<figure class=\"wp-block-table\"><table><tbody><tr><td>Bakal\u00e1\u0159sk\u00e9 a navazuj\u00edc\u00ed magistersk\u00e9 studium<\/td><td>30. 4. 2023<\/td><\/tr><\/tbody><\/table><\/figure>\n\n\n\n<p>P\u0159i platb\u011b p\u0159evodem je rozhoduj\u00edc\u00ed datum zad\u00e1n\u00ed platebn\u00edho p\u0159\u00edkazu.<\/p>\n\n\n\n<h4>P\u0159ij\u00edmac\u00ed zkou\u0161ky<\/h4>\n\n\n\n<p>U bakal\u00e1\u0159sk\u00fdch studijn\u00edch program\u016f Aplikovan\u00e1 fyzika a Fyzika budou uchaze\u010di p\u0159ijati&nbsp;<strong>bez p\u0159ij\u00edmac\u00ed zkou\u0161ky<\/strong>. U navazuj\u00edc\u00edch magistersk\u00fdch studijn\u00edch program\u016f Teoretick\u00e1 fyzika, Observa\u010dn\u00ed astrofyzika vysok\u00fdch energi\u00ed a Multimedi\u00e1ln\u00ed techniky budou uchaze\u010di p\u0159ijati&nbsp;<strong>na z\u00e1klad\u011b vstupn\u00edho pohovoru<\/strong>.<\/p>\n\n\n\n<p>V r\u00e1mci p\u0159ij\u00edmac\u00edho \u0159\u00edzen\u00ed pro akademick\u00fd rok 2023\/2024 bude ke studiu bakal\u00e1\u0159sk\u00fdch studijn\u00edch program\u016f Aplikovan\u00e1 fyzika a Fyzika p\u0159ijato nejv\u00fd\u0161e 200 uchaze\u010d\u016f. V navazuj\u00edc\u00edm magistersk\u00e9m studijn\u00edm programu Multimedi\u00e1ln\u00ed techniky a Observa\u010dn\u00ed astrofyzika vysok\u00fdch energi\u00ed a v ka\u017ed\u00e9 ze specializac\u00ed navazuj\u00edc\u00edho magistersk\u00e9ho studijn\u00edho programu Teoretick\u00e1 fyzika bude p\u0159ijato nejv\u00fd\u0161e 15 uchaze\u010d\u016f.<\/p>\n\n\n\n<h5>P\u0159ihl\u00e1\u0161ka ke studiu<\/h5>\n\n\n\n<p>Ke studiu je mo\u017eno se p\u0159ihl\u00e1sit prost\u0159ednictv\u00edm&nbsp;<a href=\"https:\/\/is.slu.cz\/prihlaska\/\" target=\"_blank\" rel=\"noreferrer noopener\">elektronick\u00e9 p\u0159ihl\u00e1\u0161ky<\/a>. Ti\u0161t\u011bnou verzi p\u0159ihl\u00e1\u0161ky ke studiu, ani jej\u00ed zkr\u00e1cenou verzi uchaze\u010d&nbsp;<strong>nezas\u00edl\u00e1<\/strong>. Pokyny k proveden\u00ed platby jsou sou\u010d\u00e1st\u00ed webov\u00e9 aplikace elektronick\u00e9 p\u0159ihl\u00e1\u0161ky. Doklad o zaplacen\u00ed administrativn\u00edho poplatku za \u00fakony spojen\u00e9 s p\u0159ij\u00edmac\u00edm \u0159\u00edzen\u00edm uchaze\u010d nezas\u00edl\u00e1, je v\u0161ak povinen si ho uschovat, proto\u017ee v p\u0159\u00edpad\u011b probl\u00e9m\u016f s identifikac\u00ed platby m\u016f\u017ee b\u00fdt vyzv\u00e1n k jeho dodate\u010dn\u00e9mu p\u0159edlo\u017een\u00ed. Uchaze\u010d je povinen si ve webov\u00e9 aplikaci elektronick\u00e9 p\u0159ihl\u00e1\u0161ky zkontrolovat, zda jeho platba dorazila na \u00fa\u010det. Pokud uchaze\u010d ve webov\u00e9 aplikaci elektronick\u00e9 p\u0159ihl\u00e1\u0161ky nenajde potvrzen\u00ed o p\u0159ijet\u00ed platby do 10 dn\u016f ode dne proveden\u00ed platby, kontaktuje refer\u00e1t pro studijn\u00ed z\u00e1le\u017eitosti Fyzik\u00e1ln\u00edho \u00fastavu v Opav\u011b (<a href=\"mailto:studium@physics.slu.cz\" target=\"_blank\" rel=\"noreferrer noopener\">studium@physics.slu.cz<\/a>). Fyzik\u00e1ln\u00ed \u00fastav v Opav\u011b si vyhrazuje pr\u00e1vo pou\u017e\u00edt v od\u016fvodn\u011bn\u00fdch p\u0159\u00edpadech elektronickou komunikaci.<\/p>\n\n\n\n<div class=\"wp-block-button aligncenter\"><a class=\"wp-block-button__link\" href=\"https:\/\/is.slu.cz\/prihlaska\/\">Podej p\u0159ihl\u00e1\u0161ku<\/a><\/div>\n\n\n\n<h5>Po\u017eadovan\u00e9 p\u0159\u00edlohy k p\u0159ihl\u00e1\u0161ce:<\/h5>\n\n\n\n<p><strong>Bakal\u00e1\u0159sk\u00e9 studijn\u00ed program Fyzika<\/strong> <strong>a Aplikovan\u00e1 fyzika<\/strong><\/p>\n\n\n\n<p>Opis (kopii) maturitn\u00edho vysv\u011bd\u010den\u00ed \u00fa\u0159edn\u011b ov\u011b\u0159en\u00fd vidimac\u00ed (vidimac\u00ed se ov\u011b\u0159uje, \u017ee opis nebo kopie se doslova shoduje s&nbsp;p\u0159edlo\u017eenou listinou) odevzd\u00e1 uchaze\u010d o studium p\u0159i z\u00e1pisu do studia.<\/p>\n\n\n\n<p><strong><strong>Navazuj\u00edc\u00ed magistersk\u00fd studijn\u00ed program Teoretick\u00e1 fyzika, Observa\u010dn\u00ed astrofyzika vysok\u00fdch energi\u00ed a Multimedi\u00e1ln\u00ed techniky<\/strong><\/strong><\/p>\n\n\n\n<p>Uchaze\u010d je povinen k p\u0159ihl\u00e1\u0161ce dolo\u017eit v\u00fdpis studijn\u00edch povinnost\u00ed absolvovan\u00fdch v r\u00e1mci p\u0159edchoz\u00edho studia. Jako tento doklad m\u016f\u017ee poslou\u017eit i \u00fa\u0159edn\u011b ov\u011b\u0159en\u00fd opis dodatku k diplomu, nebo opis prosp\u011bchov\u00fdch karet, p\u0159\u00edpadn\u011b v\u00fdpis zkou\u0161ek potvrzen\u00fd studijn\u00edm odd\u011blen\u00edm. Tato povinnost neplat\u00ed pro absolventy fyzik\u00e1ln\u00edch obor\u016f Filozoficko-p\u0159\u00edrodov\u011bdeck\u00e9 fakulty v Opav\u011b a Fyzik\u00e1ln\u00edho \u00fastavu v Opav\u011b. D\u00e1le je nutn\u00e9 doru\u010dit \u00fa\u0159edn\u011b ov\u011b\u0159en\u00fd opis bakal\u00e1\u0159sk\u00e9ho (nebo magistersk\u00e9ho) diplomu a to nejpozd\u011bji p\u0159i z\u00e1pisu do studia. Tato povinnost neplat\u00ed pro absolventy fyzik\u00e1ln\u00edch obor\u016f Filozoficko-p\u0159\u00edrodov\u011bdeck\u00e9 fakulty v Opav\u011b a Fyzik\u00e1ln\u00edho \u00fastavu v Opav\u011b. Uchaze\u010di jsou povinni doru\u010dit tyto doklady nejpozd\u011bji\u00a0<strong>10. 9. 2023<\/strong>.<\/p>\n\n\n\n<p><\/p>\n\n\n\n<h4>\u00dadaje nezbytn\u00e9 pro \u00fahradu poplatku<\/h4>\n\n\n\n<p>V\u00fd\u0161e poplatku za \u00fakony spojen\u00e9 s p\u0159ij\u00edmac\u00edm \u0159\u00edzen\u00edm je&nbsp;<strong>500,- K\u010d<\/strong>. \u00dahrada poplatku se prov\u00e1d\u00ed bezhotovostn\u00edm p\u0159evodem. \u00dadaje k \u00fahrad\u011b poplatku jsou sou\u010d\u00e1st\u00ed webov\u00e9 aplikace elektronick\u00e9 p\u0159ihl\u00e1\u0161ky ke studiu.<\/p>\n\n\n\n<h4>Informace o p\u0159ij\u00edmac\u00edm \u0159\u00edzen\u00ed pro akademick\u00fd rok 2023\/2024pro bakal\u00e1\u0159sk\u00e9 a navazuj\u00edc\u00ed magistersk\u00e9 studijn\u00ed programy<\/h4>\n\n\n\n<p>Informace pod\u00e1v\u00e1 sekretari\u00e1t Fyzik\u00e1ln\u00edho \u00fastavu v Opav\u011b.&nbsp;<br>Slezsk\u00e1 univerzita v Opav\u011b&nbsp;<br>Fyzik\u00e1ln\u00ed \u00fastav v Opav\u011b&nbsp;<br>Bezru\u010dovo n\u00e1m. 1150\/13&nbsp;<br>746 01 Opava&nbsp;<br>tel.: +420 553 684 285&nbsp;<br>e-mail:&nbsp;<a rel=\"noreferrer noopener\" href=\"mailto:studium@physics.slu.cz\" target=\"_blank\">studium@physics.slu.cz<\/a>&nbsp;<br>web:&nbsp;<a rel=\"noreferrer noopener\" href=\"http:\/\/www.physics.slu.cz\/\" target=\"_blank\">http:\/\/www.physics.slu.cz<\/a><\/p>\n\n\n\n<h4>Informace o p\u0159ij\u00edmac\u00edm \u0159\u00edzen\u00ed pro akademick\u00fd rok 2023\/2024 pro doktorsk\u00fd studijn\u00ed program<\/h4>\n\n\n\n<p>Informace pod\u00e1v\u00e1 Refer\u00e1t pro v\u011bdu a zahrani\u010dn\u00ed styky Fyzik\u00e1ln\u00edho \u00fastavu v Opav\u011b.&nbsp;<br>Slezsk\u00e1 univerzita v Opav\u011b&nbsp;<br>Fyzik\u00e1ln\u00ed \u00fastav v Opav\u011b&nbsp;<br>Bezru\u010dovo n\u00e1m. 1150\/13&nbsp;<br>746 01 Opava&nbsp;<br>tel.: +420 553 684 266&nbsp;<br>e-mail:&nbsp;<a href=\"mailto:tereza.kapusova@physics.slu.cz\" target=\"_blank\" rel=\"noreferrer noopener\">tereza.kapusova@physics.slu.cz<\/a>&nbsp;<br>web:&nbsp;<a href=\"http:\/\/www.physics.slu.cz\/\" target=\"_blank\" rel=\"noreferrer noopener\">http:\/\/www.physics.slu.cz<\/a><\/p>\n\n\n\n<figure class=\"wp-block-image size-large\"><img loading=\"lazy\" width=\"1024\" height=\"683\" src=\"http:\/\/studuj.physics.cz\/wp-content\/uploads\/2020\/09\/SUFPF1-1024x683.jpg\" alt=\"\" class=\"wp-image-179\" srcset=\"http:\/\/studuj.physics.cz\/wp-content\/uploads\/2020\/09\/SUFPF1-1024x683.jpg 1024w, http:\/\/studuj.physics.cz\/wp-content\/uploads\/2020\/09\/SUFPF1-300x200.jpg 300w, http:\/\/studuj.physics.cz\/wp-content\/uploads\/2020\/09\/SUFPF1-768x512.jpg 768w, http:\/\/studuj.physics.cz\/wp-content\/uploads\/2020\/09\/SUFPF1-1536x1024.jpg 1536w, http:\/\/studuj.physics.cz\/wp-content\/uploads\/2020\/09\/SUFPF1-1500x1000.jpg 1500w, http:\/\/studuj.physics.cz\/wp-content\/uploads\/2020\/09\/SUFPF1-1200x800.jpg 1200w, http:\/\/studuj.physics.cz\/wp-content\/uploads\/2020\/09\/SUFPF1-681x454.jpg 681w, http:\/\/studuj.physics.cz\/wp-content\/uploads\/2020\/09\/SUFPF1.jpg 1800w\" sizes=\"(max-width: 1024px) 100vw, 1024px\" \/><\/figure>\n\n\n\n<p><\/p>\n\n\n\n<div class=\"wp-block-button aligncenter\"><a class=\"wp-block-button__link\" href=\"https:\/\/is.slu.cz\/prihlaska\/\">Podej p\u0159ihl\u00e1\u0161ku<\/a><\/div>\n","protected":false},"excerpt":{"rendered":"<p>P\u0159ij\u00edmac\u00ed \u0159\u00edzen\u00ed pro akademick\u00fd rok 2023\/2024 Studijn\u00ed programy&nbsp; Bakal\u00e1\u0159sk\u00fd (akademicky zam\u011b\u0159en\u00fd) studijn\u00ed program&nbsp;Fyzika &#8211; &nbsp;t\u0159\u00edlet\u00e9 prezen\u010dn\u00ed studium se specializacemi: Astrofyzika Astronomie a popularizace Bakal\u00e1\u0159sk\u00fd (profesn\u011b zam\u011b\u0159en\u00fd) studijn\u00ed program&nbsp;Aplikovan\u00e1 fyzika &#8211;&nbsp;t\u0159\u00edlet\u00e9 prezen\u010dn\u00ed studium se specializacemi: Fyzik\u00e1ln\u00ed diagnostick\u00e9 metody Monitorov\u00e1n\u00ed \u017eivotn\u00edho prost\u0159ed\u00ed Bakal\u00e1\u0159sk\u00fd (profesn\u011b zam\u011b\u0159en\u00fd) studijn\u00ed program&nbsp;Multimedi\u00e1ln\u00ed techniky. Navazuj\u00edc\u00ed magistersk\u00fd (akademicky zam\u011b\u0159en\u00fd) studijn\u00ed program&nbsp;Teoretick\u00e1 fyzika &#8211;&nbsp;dvoulet\u00e9 prezen\u010dn\u00ed&hellip;<\/p>\n","protected":false},"author":1,"featured_media":0,"parent":0,"menu_order":0,"comment_status":"closed","ping_status":"open","template":"","meta":[],"_links":{"self":[{"href":"http:\/\/studuj.physics.cz\/index.php?rest_route=\/wp\/v2\/pages\/2"}],"collection":[{"href":"http:\/\/studuj.physics.cz\/index.php?rest_route=\/wp\/v2\/pages"}],"about":[{"href":"http:\/\/studuj.physics.cz\/index.php?rest_route=\/wp\/v2\/types\/page"}],"author":[{"embeddable":true,"href":"http:\/\/studuj.physics.cz\/index.php?rest_route=\/wp\/v2\/users\/1"}],"replies":[{"embeddable":true,"href":"http:\/\/studuj.physics.cz\/index.php?rest_route=%2Fwp%2Fv2%2Fcomments&post=2"}],"version-history":[{"count":25,"href":"http:\/\/studuj.physics.cz\/index.php?rest_route=\/wp\/v2\/pages\/2\/revisions"}],"predecessor-version":[{"id":430,"href":"http:\/\/studuj.physics.cz\/index.php?rest_route=\/wp\/v2\/pages\/2\/revisions\/430"}],"wp:attachment":[{"href":"http:\/\/studuj.physics.cz\/index.php?rest_route=%2Fwp%2Fv2%2Fmedia&parent=2"}],"curies":[{"name":"wp","href":"https:\/\/api.w.org\/{rel}","templated":true}]}}