{"id":284,"date":"2021-01-08T13:52:57","date_gmt":"2021-01-08T12:52:57","guid":{"rendered":"http:\/\/studuj.physics.cz\/?page_id=284"},"modified":"2021-03-08T13:55:36","modified_gmt":"2021-03-08T12:55:36","slug":"fyzikalni-diagnosticke-metody","status":"publish","type":"page","link":"http:\/\/studuj.physics.cz\/?page_id=284","title":{"rendered":"Fyzik\u00e1ln\u00ed diagnostick\u00e9 metody"},"content":{"rendered":"\n<p>Bakal\u00e1\u0159sk\u00e9 studium\u00a0<em>aplikovan\u00e9 fyziky<\/em>\u00a0specializovan\u00e9 na\u00a0<em>fyzik\u00e1ln\u00ed diagnostick\u00e9 metody<\/em>\u00a0je ur\u010deno v\u0161em, kter\u00e9 bav\u00ed aplikovat fyzik\u00e1ln\u00ed metody na \u0159e\u0161en\u00ed rozmanit\u00fdch praktick\u00fdch probl\u00e9m\u016f a v\u00fdvojov\u00fdch \u00fakol\u016f. Sezn\u00e1m\u00edte se s\u00a0modern\u00ed analytickou a zobrazovac\u00ed technikou (v\u010detn\u011b medic\u00ednsk\u00e9) zalo\u017eenou na RTG z\u00e1\u0159en\u00ed pou\u017e\u00edvanou v\u00a0oblasti zpracov\u00e1n\u00ed surovin, metalurgie, medic\u00edny i\u00a0jin\u00fdch. Nau\u010d\u00edte se zvl\u00e1dat specializovan\u00e9 a modelovac\u00ed softwary, analyzovat, zpracov\u00e1vat, interpretovat a prezentovat nam\u011b\u0159en\u00e1 data, to v\u0161e na z\u00e1klad\u011b ucelen\u00e9 pr\u016fpravy ve fyzik\u00e1ln\u00edch a informatick\u00fdch discipl\u00edn\u00e1ch. Jako absolventi budete schopni samostatn\u00e9 i\u00a0t\u00fdmov\u00e9 pr\u00e1ce a adaptace na konkr\u00e9tn\u00ed problematiku.<\/p>\n\n\n\n<div class=\"wp-block-ainoblocks-arrow-button size__m\"><span class=\"wp-block-ainoblocks-arrow-button__icon\"><svg xmlns=\"http:\/\/www.w3.org\/2000\/svg\" viewbox=\"0 0 48 48\" role=\"img\" aria-hidden=\"true\"><path d=\"M7.82 43l-2.82-2.82 31.18-31.18h-23.18v-4h30v30h-4v-23.18z\"><\/path><\/svg><\/span><a class=\"wp-block-ainoblocks-arrow-button__link\" style=\"line-height:1.5\" href=\"https:\/\/is.slu.cz\/predmety\/studijni_plan?lang=cs;plan_id=1143\" target=\"_self\" rel=\"noopener noreferrer\">Studijn\u00ed pl\u00e1n<\/a><\/div>\n","protected":false},"excerpt":{"rendered":"<p>Bakal\u00e1\u0159sk\u00e9 studium\u00a0aplikovan\u00e9 fyziky\u00a0specializovan\u00e9 na\u00a0fyzik\u00e1ln\u00ed diagnostick\u00e9 metody\u00a0je ur\u010deno v\u0161em, kter\u00e9 bav\u00ed aplikovat fyzik\u00e1ln\u00ed metody na \u0159e\u0161en\u00ed rozmanit\u00fdch praktick\u00fdch probl\u00e9m\u016f a v\u00fdvojov\u00fdch \u00fakol\u016f. Sezn\u00e1m\u00edte se s\u00a0modern\u00ed analytickou a zobrazovac\u00ed technikou (v\u010detn\u011b medic\u00ednsk\u00e9) zalo\u017eenou na RTG z\u00e1\u0159en\u00ed pou\u017e\u00edvanou v\u00a0oblasti zpracov\u00e1n\u00ed surovin, metalurgie, medic\u00edny i\u00a0jin\u00fdch. Nau\u010d\u00edte se zvl\u00e1dat specializovan\u00e9 a modelovac\u00ed softwary, analyzovat, zpracov\u00e1vat, interpretovat a prezentovat nam\u011b\u0159en\u00e1 data,&hellip;<\/p>\n","protected":false},"author":1,"featured_media":0,"parent":0,"menu_order":0,"comment_status":"closed","ping_status":"closed","template":"","meta":[],"_links":{"self":[{"href":"http:\/\/studuj.physics.cz\/index.php?rest_route=\/wp\/v2\/pages\/284"}],"collection":[{"href":"http:\/\/studuj.physics.cz\/index.php?rest_route=\/wp\/v2\/pages"}],"about":[{"href":"http:\/\/studuj.physics.cz\/index.php?rest_route=\/wp\/v2\/types\/page"}],"author":[{"embeddable":true,"href":"http:\/\/studuj.physics.cz\/index.php?rest_route=\/wp\/v2\/users\/1"}],"replies":[{"embeddable":true,"href":"http:\/\/studuj.physics.cz\/index.php?rest_route=%2Fwp%2Fv2%2Fcomments&post=284"}],"version-history":[{"count":6,"href":"http:\/\/studuj.physics.cz\/index.php?rest_route=\/wp\/v2\/pages\/284\/revisions"}],"predecessor-version":[{"id":396,"href":"http:\/\/studuj.physics.cz\/index.php?rest_route=\/wp\/v2\/pages\/284\/revisions\/396"}],"wp:attachment":[{"href":"http:\/\/studuj.physics.cz\/index.php?rest_route=%2Fwp%2Fv2%2Fmedia&parent=284"}],"curies":[{"name":"wp","href":"https:\/\/api.w.org\/{rel}","templated":true}]}}