{"id":288,"date":"2021-01-08T13:56:10","date_gmt":"2021-01-08T12:56:10","guid":{"rendered":"http:\/\/studuj.physics.cz\/?page_id=288"},"modified":"2021-01-08T13:56:10","modified_gmt":"2021-01-08T12:56:10","slug":"observacni-astrofyzika-vysokych-energii","status":"publish","type":"page","link":"http:\/\/studuj.physics.cz\/?page_id=288","title":{"rendered":"Observa\u010dn\u00ed astrofyzika vysok\u00fdch energi\u00ed"},"content":{"rendered":"\n<p>C\u00edlem studia je z\u00edskat komplexn\u00ed vzd\u011bl\u00e1n\u00ed v&nbsp;oblasti astrofyziky vysok\u00fdch energi\u00ed se siln\u00fdm d\u016frazem na observa\u010dn\u00ed aspekty. D\u016fraz je kladen na propojen\u00ed teoretick\u00fdch model\u016f z&nbsp;oblasti relativistick\u00e9 fyziky, astrofyziky i&nbsp;astro\u010d\u00e1sticov\u00e9 fyziky s&nbsp;fenomenologi\u00ed fyzik\u00e1ln\u00edch proces\u016f pozorovan\u00fdch ve vesm\u00edru.<\/p>\n\n\n\n<p>Teoretick\u00fd z\u00e1klad studia zahrne matematick\u00fd i&nbsp;fyzik\u00e1ln\u00ed apar\u00e1t speci\u00e1ln\u00ed a obecn\u00e9 relativity, \u010d\u00e1sticovou fyziku, z\u00e1klady astro\u010d\u00e1sticov\u00e9 fyziky i&nbsp;matematick\u00e9 a informatick\u00e9 n\u00e1stroje nutn\u00e9 ke zpracov\u00e1v\u00e1n\u00ed observa\u010dn\u00ed dat a jejich interpretaci.<\/p>\n\n\n\n<p>V r\u00e1mci fenomenologie astrofyziky vysok\u00fdch energii bude studium prim\u00e1rn\u011b orientov\u00e1na na z\u00edsk\u00e1n\u00ed p\u0159ehledov\u00fdch znalost\u00ed o&nbsp;kosmick\u00fdch zdroj\u00edch vysokoenergetick\u00fdch emis\u00ed. Bude diskutov\u00e1na rentgenov\u00e1 a gama emise stel\u00e1rn\u00edch objekt\u016f i&nbsp;komplexn\u00ed emise klasifikace aktivn\u00edch galaktick\u00fdch jader. Studenti budou tak\u00e9 sezn\u00e1meni s&nbsp;fenomenologi\u00ed vysokoenergetick\u00e9ho kosmick\u00e9ho z\u00e1\u0159en\u00ed a jej\u00ed teoretickou interpretac\u00ed. Studenti budou detailn\u011b sezn\u00e1meni s&nbsp;astrofyzik\u00e1ln\u00edmi modely b\u00edl\u00fdch trpasl\u00edk\u016f, neutronov\u00fdch hv\u011bzd a \u010dern\u00fdch d\u011br s&nbsp;d\u016frazem na manifestaci teoretick\u00fdch predikc\u00ed v&nbsp;observa\u010dn\u00edch datech.<\/p>\n\n\n\n<p>C\u00edlem studia je i&nbsp;\u00favod do gravita\u010dn\u00ed astronomie zahrnuj\u00edc\u00ed znalost\u00ed o&nbsp;zdroj\u00edch gravita\u010dn\u00edch vln a jejich detekci a interpretaci orientovan\u00e1 op\u011bt prim\u00e1rn\u011b na observa\u010dn\u00ed fenomenologii.<\/p>\n\n\n\n<p>Dal\u0161\u00ed c\u00edl studia p\u0159edstavuje p\u0159\u00edprava student\u016f na kooperaci v&nbsp;mezin\u00e1rodn\u00edch v\u00fdzkumn\u00fdch t\u00fdmech. Magistersk\u00fd mezin\u00e1rodn\u00ed studijn\u00ed program proto bude realizov\u00e1n ve spolupr\u00e1ci se zahrani\u010dn\u00edmi \u0161pi\u010dkov\u00fdmi v\u011bdeck\u00fdmi pracovi\u0161ti INAF &#8211; Osservatorio Astronomico di Roma (\u0158\u00edm, It\u00e1lie) a ISSI &#8211; International Space Science Institute, (Bern, \u0160v\u00fdcarsko). Proto jsou studenti povinni b\u011bhem studia absolvovat studijn\u00ed pobyty a v\u00fdzkumnou st\u00e1\u017e na spolupracuj\u00edc\u00edch zahrani\u010dn\u00edch pracovi\u0161t\u00edch a je kladen d\u016fraz na jejich aktivn\u00ed pr\u00e1ci realizovanou formou projekt\u016f supervizovan\u00fdch zahrani\u010dn\u00edmi a tuzemsk\u00fdmi pracovn\u00edky.<\/p>\n\n\n\n<p>D\u016fsledkem takto koncipovan\u00e9ho oboru bude zv\u00fd\u0161en\u00ed kvality p\u0159ipravenosti absolventa pro vstup na oborov\u011b specifick\u00fd trh pr\u00e1ce v\u00a0mezin\u00e1rodn\u00edch v\u011bdeck\u00fdch t\u00fdmech a na mezin\u00e1rodn\u00edch v\u011bdeckov\u00fdzkumn\u00fdch instituc\u00edch.<\/p>\n\n\n\n<div class=\"wp-block-ainoblocks-arrow-button size__m\"><span class=\"wp-block-ainoblocks-arrow-button__icon\"><svg xmlns=\"http:\/\/www.w3.org\/2000\/svg\" viewbox=\"0 0 34 34\" role=\"img\" aria-hidden=\"true\"><path d=\"M4 0h28v28h-4l-0.004-21.172-25.168 25.172-2.828-2.828 25.168-25.172h-21.168z\"><\/path><\/svg><\/span><a class=\"wp-block-ainoblocks-arrow-button__link\" style=\"line-height:1.5\" target=\"_self\" rel=\"noopener noreferrer\"><a href=\"https:\/\/is.slu.cz\/predmety\/studijni_plan?lang=cs;plan_id=1162\">Studijn\u00ed pl\u00e1n<\/a><\/a><\/div>\n","protected":false},"excerpt":{"rendered":"<p>C\u00edlem studia je z\u00edskat komplexn\u00ed vzd\u011bl\u00e1n\u00ed v&nbsp;oblasti astrofyziky vysok\u00fdch energi\u00ed se siln\u00fdm d\u016frazem na observa\u010dn\u00ed aspekty. D\u016fraz je kladen na propojen\u00ed teoretick\u00fdch model\u016f z&nbsp;oblasti relativistick\u00e9 fyziky, astrofyziky i&nbsp;astro\u010d\u00e1sticov\u00e9 fyziky s&nbsp;fenomenologi\u00ed fyzik\u00e1ln\u00edch proces\u016f pozorovan\u00fdch ve vesm\u00edru. Teoretick\u00fd z\u00e1klad studia zahrne matematick\u00fd i&nbsp;fyzik\u00e1ln\u00ed apar\u00e1t speci\u00e1ln\u00ed a obecn\u00e9 relativity, \u010d\u00e1sticovou fyziku, z\u00e1klady astro\u010d\u00e1sticov\u00e9 fyziky i&nbsp;matematick\u00e9 a informatick\u00e9 n\u00e1stroje&hellip;<\/p>\n","protected":false},"author":1,"featured_media":0,"parent":0,"menu_order":0,"comment_status":"closed","ping_status":"closed","template":"","meta":[],"_links":{"self":[{"href":"http:\/\/studuj.physics.cz\/index.php?rest_route=\/wp\/v2\/pages\/288"}],"collection":[{"href":"http:\/\/studuj.physics.cz\/index.php?rest_route=\/wp\/v2\/pages"}],"about":[{"href":"http:\/\/studuj.physics.cz\/index.php?rest_route=\/wp\/v2\/types\/page"}],"author":[{"embeddable":true,"href":"http:\/\/studuj.physics.cz\/index.php?rest_route=\/wp\/v2\/users\/1"}],"replies":[{"embeddable":true,"href":"http:\/\/studuj.physics.cz\/index.php?rest_route=%2Fwp%2Fv2%2Fcomments&post=288"}],"version-history":[{"count":1,"href":"http:\/\/studuj.physics.cz\/index.php?rest_route=\/wp\/v2\/pages\/288\/revisions"}],"predecessor-version":[{"id":289,"href":"http:\/\/studuj.physics.cz\/index.php?rest_route=\/wp\/v2\/pages\/288\/revisions\/289"}],"wp:attachment":[{"href":"http:\/\/studuj.physics.cz\/index.php?rest_route=%2Fwp%2Fv2%2Fmedia&parent=288"}],"curies":[{"name":"wp","href":"https:\/\/api.w.org\/{rel}","templated":true}]}}