{"id":53,"date":"2020-06-10T13:13:29","date_gmt":"2020-06-10T11:13:29","guid":{"rendered":"http:\/\/studuj.physics.cz\/?page_id=53"},"modified":"2023-11-08T10:14:09","modified_gmt":"2023-11-08T09:14:09","slug":"pro-ss","status":"publish","type":"page","link":"http:\/\/studuj.physics.cz\/?page_id=53","title":{"rendered":"Pro st\u0159edn\u00ed \u0161koly"},"content":{"rendered":"\n<p>Nab\u00edz\u00edme V\u00e1m mo\u017enost se k n\u00e1m pod\u00edvat a nav\u00edc se k tomu i n\u011bco zaj\u00edmav\u00e9ho dozv\u011bd\u011bt. M\u016f\u017eete si se studenty prohl\u00e9dnout na\u0161e pracovi\u0161t\u011b, zhl\u00e9dnout po\u0159ad v unik\u00e1tn\u00ed sf\u00e9rick\u00e9 projekci Unisf\u00e9\u0159e a n\u00e1sledn\u011b vyslechnout poutavou p\u0159edn\u00e1\u0161ku od jednoho z na\u0161ich pedagog\u016f.<\/p>\n\n\n\n<figure class=\"wp-block-image size-large\"><img loading=\"lazy\" width=\"1024\" height=\"683\" src=\"http:\/\/studuj.physics.cz\/wp-content\/uploads\/2020\/09\/0H4A7978-1024x683.jpg\" alt=\"\" class=\"wp-image-158\" srcset=\"http:\/\/studuj.physics.cz\/wp-content\/uploads\/2020\/09\/0H4A7978-1024x683.jpg 1024w, http:\/\/studuj.physics.cz\/wp-content\/uploads\/2020\/09\/0H4A7978-300x200.jpg 300w, http:\/\/studuj.physics.cz\/wp-content\/uploads\/2020\/09\/0H4A7978-768x512.jpg 768w, http:\/\/studuj.physics.cz\/wp-content\/uploads\/2020\/09\/0H4A7978-1536x1024.jpg 1536w, http:\/\/studuj.physics.cz\/wp-content\/uploads\/2020\/09\/0H4A7978-2048x1365.jpg 2048w, http:\/\/studuj.physics.cz\/wp-content\/uploads\/2020\/09\/0H4A7978-1500x1000.jpg 1500w, http:\/\/studuj.physics.cz\/wp-content\/uploads\/2020\/09\/0H4A7978-1200x800.jpg 1200w, http:\/\/studuj.physics.cz\/wp-content\/uploads\/2020\/09\/0H4A7978-681x454.jpg 681w\" sizes=\"(max-width: 1024px) 100vw, 1024px\" \/><\/figure>\n\n\n\n<p>Seznam nab\u00edzen\u00fdch projekc\u00ed naleznete na str\u00e1nk\u00e1ch <a href=\"http:\/\/unisfera.slu.cz\">Unisf\u00e9ry<\/a>, kde je i mo\u017enost jej\u00ed rezervace. Po shl\u00e9dnut\u00ed filmu si m\u016f\u017eete vybrat jednu z n\u00e1sleduj\u00edc\u00edch p\u0159edn\u00e1\u0161ek:<\/p>\n\n\n\n<ul><li><strong><strong>Pov\u00edd\u00e1n\u00ed o mikrosv\u011bt\u011b<\/strong><\/strong>  (RNDr. Josef Jur\u00e1\u0148, Ph.D.)<br>Jak\u00fdm zp\u016fsobem se d\u00e1 mikrosv\u011bt zkoumat? Jak to tam vlastn\u011b funguje? Jak pracuje nejv\u011bt\u0161\u00ed urychlova\u010d \u010d\u00e1stic na sv\u011bt\u011b &#8211; Large Hadron Collider? Na tyto a dal\u0161\u00ed va\u0161e ot\u00e1zky se budeme sna\u017eit odpov\u011bd\u011bt v t\u00e9to p\u0159edn\u00e1\u0161ce jej\u00edm\u017e c\u00edlem je objasnit z\u00e1kladn\u00ed principy studia &#8222;neviditeln\u00e9ho&#8220; a &#8222;podivn\u00e9ho&#8220; mikrosv\u011bta \u010d\u00e1stic.<\/li><li><strong>Hled\u00e1n\u00ed \u010dern\u00fdch d\u011br v Galaxii<\/strong> (doc. RNDr. Jan Schee, Ph.D.)<br>V p\u0159edn\u00e1\u0161ce \u201eHled\u00e1n\u00ed \u010dern\u00fdch d\u011br v Galaxii\u201c se zab\u00fdv\u00e1me metodou detekce stel\u00e1rn\u00edch \u010dern\u00fdch d\u011br v Galaxii. Tato metoda je postaven\u00e1 na zes\u00edlen\u00ed sv\u011bteln\u00e9 k\u0159ivky zdroje p\u0159i pr\u016fchodu kompaktn\u00edho objektu mezi zdrojem a pozorovatelem v bl\u00edzkosti optick\u00e9 osy, ker\u00e1 je spojuje. Mluv\u00edme o tzv. mikrolensingu. V p\u0159edn\u00e1\u0161ce jsou zavedeny z\u00e1kladn\u00ed pojmy spojen\u00e9 s t\u00edmto jevem: zobrazovac\u00ed rovnice, deflek\u010dn\u00ed \u00fahel, magnifika\u010dn\u00ed faktor. Tyto teoretick\u00e9 z\u00e1klady jsou n\u00e1sledn\u011b vyu\u017eity p\u0159i konstrukci numerick\u00e9ho k\u00f3du simuluj\u00edc\u00edho vznik mikrolensingu a d\u011blen\u00ed obrazu zdroje. K\u00f3d je naps\u00e1n v jazyce Python a je diskutov\u00e1na mo\u017enost paralelizace k\u00f3du pro CUDA j\u00e1dra pomoc\u00ed modulu \u201enumba\u201c pro Python.<\/li><li><strong>Dne\u0161n\u00ed pohled na vesm\u00edr<\/strong> (RNDr. Tom\u00e1\u0161 Gr\u00e1f, Ph.D.)<br>Z\u00e1kladn\u00ed p\u0159edn\u00e1\u0161ka, kter\u00e1 shrnuje nejnov\u011bj\u0161\u00ed poznatky o vesm\u00edru, kter\u00e9 se v mnoh\u00e9m li\u0161\u00ed od informac\u00ed uv\u00e1d\u011bn\u00fdch ve \u0161koln\u00edch u\u010debnic\u00edch a zapr\u00e1\u0161en\u00fdch encyklopedi\u00edch v na\u0161ich rodinn\u00fdch knihovn\u00e1ch&#8230;<\/li><li><strong>Honba za dvoj\u010detem Zem\u011b<\/strong> (RNDr. Tom\u00e1\u0161 Gr\u00e1f, Ph.D.)<br>Zn\u00e1me u\u017e tis\u00edce exoplanet, ale na kter\u00e9 z nich se to m\u016f\u017ee hem\u017eit podobn\u011b jako na Zemi? Hled\u00e1n\u00ed planet u jin\u00fdch hv\u011bzd je velmi mlad\u00fd obor pozorovac\u00ed astronomie, kter\u00fd se st\u00e1le dynamicky vyv\u00edj\u00ed. Metody hled\u00e1n\u00ed exoplanet se neust\u00e1le zdokonaluj\u00ed a nov\u011b objeven\u00e1 t\u011blesa i cel\u00e9 exoplanet\u00e1rn\u00ed soustavy n\u00e1s nep\u0159est\u00e1vaj\u00ed fascinovat svou r\u016fznorodost\u00ed.<\/li><li><strong>Gravita\u010dn\u00ed mikrolensing: hled\u00e1n\u00ed temn\u00e9 hmoty<\/strong> (doc. RNDr. Jan Schee, Ph.D.)<br>Princip zesilov\u00e1n\u00ed z\u00e1\u0159en\u00ed hv\u011bzd  gravita\u010dn\u00ed \u010do\u010dkou, konstrukce sv\u011bteln\u00e1 k\u0159ivky zdroje (hv\u011bzdy). Vyu\u017eit\u00ed gravita\u010dn\u00ed \u010do\u010dky k detekci astrofyzik\u00e1ln\u00ed temn\u00e9 hmoty, kterou modelujeme jako kompaktn\u00ed hmotn\u00fd objekt (MACHO). <\/li><li><strong>Jak vykouzlit hv\u011bzdn\u00e9 nebe<\/strong> (RNDr. Tom\u00e1\u0161 Gr\u00e1f, Ph.D.)<br>P\u0159edn\u00e1\u0161ka o vzniku, v\u00fdvoji a fungov\u00e1n\u00ed planet\u00e1ria jako nejn\u00e1zorn\u011bj\u0161\u00ed astronomick\u00e9 pom\u016fcky, kter\u00e1 se ve sv\u00e9 digit\u00e1ln\u00ed podob\u011b, tedy sf\u00e9rick\u00e9 projekci, stala dokonal\u00fdm imerzivn\u00edm m\u00e9diem (nejen) pro popularizaci p\u0159\u00edrodn\u00edch v\u011bd.<\/li><li><strong>St\u00edn \u010dern\u00e9 d\u00edry: jak vznik\u00e1 a k \u010demu je v\u016fbec dobr\u00fd<\/strong> (doc. RNDr. Jan Schee, Ph.D.)<br>\u010cern\u00e1 d\u00edra jako astrofyzik\u00e1ln\u00ed objekt, jej\u00ed vznik a vlastnosti. Fotony uv\u011bzn\u011bn\u00e9 na kruhov\u00fdch drah\u00e1ch a vznik st\u00ednu \u010dern\u00e9 d\u00edry. Ur\u010den\u00ed rota\u010dn\u00edho parametru Kerrovy (rotuj\u00edc\u00ed) \u010dern\u00e9 d\u00edry z tvaru jej\u00edho st\u00ednu.<\/li><li><strong>Optick\u00e9 jevy v atmosf\u00e9\u0159e<\/strong> (RNDr. Tom\u00e1\u0161 Gr\u00e1f, Ph.D.)<br>Optick\u00e9 jevy v atmosf\u00e9\u0159e maj\u00ed velmi r\u016fznorodou fyzik\u00e1ln\u00ed podstatu. Mnoh\u00e9 z nich jsou pro pozorovatele velmi atraktivn\u00ed nejen k p\u0159\u00edm\u00e9mu pozorov\u00e1n\u00ed, ale tak\u00e9 jako n\u00e1m\u011bty k fotografov\u00e1n\u00ed nebo nat\u00e1\u010den\u00ed. Spole\u010dn\u011b se projdeme \u201ezahradou\u201c optick\u00fdch jev\u016f, ve kter\u00e9 nebudou chyb\u011bt takov\u00e9 exempl\u00e1\u0159e, jako jsou pol\u00e1rn\u00ed z\u00e1\u0159e, zelen\u00fd z\u00e1blesk, sv\u00edt\u00edc\u00ed oblaka, \u010derven\u00ed sk\u0159\u00edtci nebo cel\u00e9 st\u00e1do halov\u00fdch jev\u016f.<\/li><li><strong>\u010cern\u00e9 d\u00edry a neutronov\u00e9 hv\u011bzdy<\/strong> (Mgr. Debora Lan\u010dov\u00e1)<\/li><li><strong>Jak vyfotit \u010dernou d\u00edru<\/strong> (Mgr. Debora Lan\u010dov\u00e1)<\/li><li><strong>Freaky accelerators<\/strong> (v anglick\u00e9m jazyce) (RNDr. Arman Tursunov, Ph.D.)<\/li><li><strong>Kvazary a mikrokvazary jako nejz\u00e1\u0159iv\u011bj\u0161\u00ed objekty ve vesm\u00edru<\/strong> (Mgr. Kate\u0159ina Klimovi\u010dov\u00e1, Ph.D.)<\/li><li><strong>Sign\u00e1l z \u010dern\u00fdch d\u011br: od simulac\u00ed k pozorov\u00e1n\u00ed<\/strong> (Mgr. Kate\u0159ina Klimovi\u010dov\u00e1, Ph.D.)<\/li><\/ul>\n\n\n\n<p>Pokud m\u00e1te z\u00e1jem n\u00e1s nav\u0161t\u00edvit nev\u00e1hejte n\u00e1s <a href=\"http:\/\/studuj.physics.cz\/?page_id=8\">kontaktovat<\/a>.<\/p>\n","protected":false},"excerpt":{"rendered":"<p>Nab\u00edz\u00edme V\u00e1m mo\u017enost se k n\u00e1m pod\u00edvat a nav\u00edc se k tomu i n\u011bco zaj\u00edmav\u00e9ho dozv\u011bd\u011bt. M\u016f\u017eete si se studenty prohl\u00e9dnout na\u0161e pracovi\u0161t\u011b, zhl\u00e9dnout po\u0159ad v unik\u00e1tn\u00ed sf\u00e9rick\u00e9 projekci Unisf\u00e9\u0159e a n\u00e1sledn\u011b vyslechnout poutavou p\u0159edn\u00e1\u0161ku od jednoho z na\u0161ich pedagog\u016f. Seznam nab\u00edzen\u00fdch projekc\u00ed naleznete na str\u00e1nk\u00e1ch Unisf\u00e9ry, kde je i mo\u017enost jej\u00ed rezervace. Po shl\u00e9dnut\u00ed&hellip;<\/p>\n","protected":false},"author":1,"featured_media":0,"parent":0,"menu_order":0,"comment_status":"closed","ping_status":"closed","template":"","meta":[],"_links":{"self":[{"href":"http:\/\/studuj.physics.cz\/index.php?rest_route=\/wp\/v2\/pages\/53"}],"collection":[{"href":"http:\/\/studuj.physics.cz\/index.php?rest_route=\/wp\/v2\/pages"}],"about":[{"href":"http:\/\/studuj.physics.cz\/index.php?rest_route=\/wp\/v2\/types\/page"}],"author":[{"embeddable":true,"href":"http:\/\/studuj.physics.cz\/index.php?rest_route=\/wp\/v2\/users\/1"}],"replies":[{"embeddable":true,"href":"http:\/\/studuj.physics.cz\/index.php?rest_route=%2Fwp%2Fv2%2Fcomments&post=53"}],"version-history":[{"count":10,"href":"http:\/\/studuj.physics.cz\/index.php?rest_route=\/wp\/v2\/pages\/53\/revisions"}],"predecessor-version":[{"id":485,"href":"http:\/\/studuj.physics.cz\/index.php?rest_route=\/wp\/v2\/pages\/53\/revisions\/485"}],"wp:attachment":[{"href":"http:\/\/studuj.physics.cz\/index.php?rest_route=%2Fwp%2Fv2%2Fmedia&parent=53"}],"curies":[{"name":"wp","href":"https:\/\/api.w.org\/{rel}","templated":true}]}}