{"id":6,"date":"2020-06-09T14:46:29","date_gmt":"2020-06-09T12:46:29","guid":{"rendered":"http:\/\/studuj.physics.cz\/?page_id=6"},"modified":"2021-03-06T17:01:27","modified_gmt":"2021-03-06T16:01:27","slug":"otevira-se-nove-umoma-2","status":"publish","type":"page","link":"https:\/\/studuj.physics.cz\/","title":{"rendered":"Fyzik\u00e1ln\u00ed \u00fastav v Opav\u011b"},"content":{"rendered":"\n<p>Chce\u0161 rozum\u011bt sv\u011btu okolo sebe?<br>Bav\u00ed t\u011b vesm\u00edr? <br>A nebo t\u011b l\u00e1k\u00e1 nat\u00e1\u010den\u00ed vide\u00ed \u010di pr\u00e1ce se zvukem? <\/p>\n\n\n\n<p>Pokud je alespo\u0148 jedna z odpov\u011bd\u00ed ano, p\u0159ij\u010f studovat k n\u00e1m do Opavy! Zjist\u00ed\u0161, \u017ee i fyzika m\u016f\u017ee b\u00fdt nejen v klidu, ale vlastn\u011b jedna velk\u00e1 z\u00e1bava. Fyzik\u00e1ln\u00ed \u00fastav v Opav\u011b je pracovi\u0161t\u011bm s mezin\u00e1rodn\u00edm v\u00fdznamem. Pokud se chce\u0161 pod\u00edlet na v\u00fdznamn\u00fdch v\u011bdeck\u00fdch objevech, pak jsi u n\u00e1s spr\u00e1vn\u011b. Ale nejen v\u011bda je na opavsk\u00e9 fyzice l\u00e1kadlem pro studenty. M\u016f\u017ee\u0161 zde tak\u00e9 studovat multim\u00e9dia, dokumentaristiku a film na oboru Multimedi\u00e1ln\u00ed techniky anebo se p\u0159i studiu Aplikovan\u00e9 fyziky v\u011bnovat fyzik\u00e1ln\u00ed diagnostice a monitorov\u00e1n\u00ed \u017eivotn\u00edho prost\u0159ed\u00ed. Neposledn\u011b se zde m\u016f\u017ee\u0161 zapojit do v\u00fdzkumu vesm\u00edru a hled\u00e1n\u00ed odpov\u011bd\u00ed na ty nejzapeklit\u011bj\u0161\u00ed ot\u00e1zky, kter\u00e9 se modern\u00ed astrofyzika sna\u017e\u00ed vy\u0159e\u0161it.<br><\/p>\n\n\n\n<p><strong>Bakal\u00e1\u0159sk\u00e9 studijn\u00ed programy<\/strong>&nbsp;jsou koncipov\u00e1ny tak, aby prov\u00e1zaly sou\u010dasn\u00e9 znalosti fyziky a astrofyziky s&nbsp;popularizac\u00ed v\u011bdy a student\u016fm umo\u017enil se akademicky i profesn\u011b realizovat ve sv\u00e9 oblasti. Ka\u017ed\u00fd student si v&nbsp;pr\u016fb\u011bhu bakal\u00e1\u0159sk\u00e9ho programu m\u016f\u017ee tak\u0159\u00edkaj\u00edc \u201ep\u0159i\u010dichnout\u201c ke v\u0161em mo\u017enostem \u2013 jak k&nbsp;v\u00fdzkumu, tak k&nbsp;jeho osv\u011bt\u011b \u2013 a s\u00e1m se tak rozhodne, na jakou dr\u00e1hu se ve sv\u00e9m \u017eivot\u011b nakonec vyd\u00e1. D\u00edky ochot\u011b a vysok\u00e9 profesionalit\u011b vyu\u010duj\u00edc\u00edch i pracovn\u00edk\u016f studijn\u00edho odd\u011blen\u00ed se bude moci realizovat velice rychle pr\u00e1v\u011b tam, kde ho to l\u00e1k\u00e1 nejv\u00edce. T\u0159\u00edlet\u00e1 bakal\u00e1\u0159sk\u00e1 studia nab\u00edzej\u00ed tyto konkr\u00e9tn\u00ed studijn\u00ed programy:<\/p>\n\n\n\n<div class=\"wp-block-nextend-smartslider3\"><\/div>\n\n\n\n<p><\/p>\n\n\n\n<p><strong>Magistersk\u00e9 studijn\u00ed programy&nbsp;<\/strong>navazuj\u00ed na v\u011bt\u0161inu&nbsp;&nbsp;bakal\u00e1\u0159sk\u00fdch studijn\u00edch program\u016f a absolvent\u016fm umo\u017e\u0148uj\u00ed plnohodnotn\u00fd akademick\u00fd r\u016fst ve sv\u00e9m vybran\u00e9m odv\u011btv\u00ed. Op\u011bt se nab\u00edz\u00ed oblasti fyziky, v&nbsp;n\u00ed\u017e dominuje v\u00fdzkum vesm\u00edru, \u010d\u00e1sticov\u00e1 fyzika nebo teorie relativity a jej\u00ed dopady na sv\u011bt okolo n\u00e1s. Milovn\u00edci v\u00fdzkumu exotick\u00fdch objekt\u016f jako \u010dern\u00e9 d\u00edry, pulzary nebo skryt\u00e1 l\u00e1tka si zde p\u0159ijdou na sv\u00e9. Stejn\u011b tak zap\u00e1len\u00ed filma\u0159i mohou d\u00e1le pokra\u010dovat ve sv\u00e9m r\u016fstu audiovizu\u00e1ln\u00edch schopnost\u00ed a neposledn\u011b si sv\u00e9 najdou fajn\u0161mek\u0159i v&nbsp;oblasti po\u010d\u00edta\u010dov\u00e9 techniky a zpracov\u00e1n\u00ed dat.<\/p>\n\n\n\n<div class=\"wp-block-nextend-smartslider3\"><\/div>\n\n\n\n<p><\/p>\n\n\n\n<p><strong>Studenti teoretick\u00e9 fyziky nav\u00edc mohou pokra\u010dovat i v&nbsp;doktorsk\u00e9m studiu.&nbsp;<\/strong>D\u00edky mezin\u00e1rodn\u00ed spolupr\u00e1ci s&nbsp;v\u00fdznamn\u00fdmi univerzitami po cel\u00e9m sv\u011bt\u011b mohou doktorandi vyu\u017e\u00edt v\u00fdm\u011bnn\u00fdch studijn\u00edch doktorsk\u00fdch program\u016f zam\u011b\u0159en\u00fdch na vlastn\u00ed v\u00fdzkum.<\/p>\n\n\n\n<div class=\"wp-block-nextend-smartslider3\"><\/div>\n\n\n\n<p><\/p>\n\n\n\n<p><strong>Studenti v\u0161ech studijn\u00edch program\u016f<\/strong>&nbsp;maj\u00ed rozs\u00e1hl\u00e9 mo\u017enosti zahrani\u010dn\u00edch studijn\u00edch pobyt\u016f v r\u00e1mci&nbsp;<a href=\"https:\/\/www.slu.cz\/phys\/cz\/erasmusoprogramu\">programu ERASMUS+<\/a>&nbsp;i dal\u0161\u00edch v\u00fdm\u011bnn\u00fdch aktivit a maj\u00ed mo\u017enost v\u00fdzkumn\u00e9 spolupr\u00e1ce s p\u0159edn\u00edmi sv\u011btov\u00fdmi odborn\u00edky. Nov\u00e9 obory Fyzik\u00e1ln\u00edho \u00fastavu v&nbsp;Opav\u011b tak nab\u00edzej\u00ed opravdu v\u0161em naprosto nev\u00eddan\u00e9 mo\u017enosti!<\/p>\n\n\n\n<p><strong>Zaujala v\u00e1s tedy pestr\u00e1 nab\u00eddka<\/strong>&nbsp;studijn\u00edch p\u0159edm\u011bt\u016f na Fyzik\u00e1ln\u00ed \u00fastavu v&nbsp;Opav\u011b? Tak na co \u010dek\u00e1te? U\u017e sta\u010d\u00ed&nbsp;<a href=\"http:\/\/studuj.physics.cz\/?page_id=2\">jen podat p\u0159ihl\u00e1\u0161ku<\/a>&nbsp;a vydat se vst\u0159\u00edc sv\u00e9 z\u00e1\u0159n\u00e9 budoucnosti, kter\u00e1 nikdy nebyla tak bl\u00edzko na dosah\u2026&nbsp;<\/p>\n","protected":false},"excerpt":{"rendered":"<p>Chce\u0161 rozum\u011bt sv\u011btu okolo sebe?Bav\u00ed t\u011b vesm\u00edr? A nebo t\u011b l\u00e1k\u00e1 nat\u00e1\u010den\u00ed vide\u00ed \u010di pr\u00e1ce se zvukem? Pokud je alespo\u0148 jedna z odpov\u011bd\u00ed ano, p\u0159ij\u010f studovat k n\u00e1m do Opavy! Zjist\u00ed\u0161, \u017ee i fyzika m\u016f\u017ee b\u00fdt nejen v klidu, ale vlastn\u011b jedna velk\u00e1 z\u00e1bava. Fyzik\u00e1ln\u00ed \u00fastav v Opav\u011b je pracovi\u0161t\u011bm s mezin\u00e1rodn\u00edm v\u00fdznamem. Pokud se&hellip;<\/p>\n","protected":false},"author":1,"featured_media":39,"parent":0,"menu_order":0,"comment_status":"closed","ping_status":"closed","template":"","meta":[],"_links":{"self":[{"href":"https:\/\/studuj.physics.cz\/index.php?rest_route=\/wp\/v2\/pages\/6"}],"collection":[{"href":"https:\/\/studuj.physics.cz\/index.php?rest_route=\/wp\/v2\/pages"}],"about":[{"href":"https:\/\/studuj.physics.cz\/index.php?rest_route=\/wp\/v2\/types\/page"}],"author":[{"embeddable":true,"href":"https:\/\/studuj.physics.cz\/index.php?rest_route=\/wp\/v2\/users\/1"}],"replies":[{"embeddable":true,"href":"https:\/\/studuj.physics.cz\/index.php?rest_route=%2Fwp%2Fv2%2Fcomments&post=6"}],"version-history":[{"count":32,"href":"https:\/\/studuj.physics.cz\/index.php?rest_route=\/wp\/v2\/pages\/6\/revisions"}],"predecessor-version":[{"id":392,"href":"https:\/\/studuj.physics.cz\/index.php?rest_route=\/wp\/v2\/pages\/6\/revisions\/392"}],"wp:featuredmedia":[{"embeddable":true,"href":"https:\/\/studuj.physics.cz\/index.php?rest_route=\/wp\/v2\/media\/39"}],"wp:attachment":[{"href":"https:\/\/studuj.physics.cz\/index.php?rest_route=%2Fwp%2Fv2%2Fmedia&parent=6"}],"curies":[{"name":"wp","href":"https:\/\/api.w.org\/{rel}","templated":true}]}}